{"id":1403,"date":"2024-03-21T04:11:58","date_gmt":"2024-03-21T04:11:58","guid":{"rendered":"https:\/\/www.ccmmachine.com\/?post_type=product&#038;p=1403"},"modified":"2024-03-21T04:12:02","modified_gmt":"2024-03-21T04:12:02","slug":"friteza-na-plin-mdxz-25c","status":"publish","type":"product","link":"https:\/\/www.ccmmachine.com\/bs\/product\/gas-pressure-fryer-mdxz-25c\/","title":{"rendered":"Plinska friteza MDXZ-25"},"content":{"rendered":"<p>Friteza pod pritiskom je kompanija koja apsorbuje stranu naprednu tehnologiju, razvoj i proizvodnju najnovijeg procesa proizvodnje pr\u017eene piletine u pe\u0107nici prema karakteristikama zapadne i tradicionalne kineske pe\u010dene piletine.<\/p>\n\n\n\n<p>Cijelo tijelo od nehr\u0111aju\u0107eg \u010delika, elektronski tajming, automatska kontrola temperature izduvnog tlaka. Po principu niskotemperaturnog visokog pritiska, pr\u017eena hrana je spolja hrskava i mekana, svetle boje, ali i pr\u017eena patka, riba, svinjetina, jagnjetina i drugo meso i povr\u0107e, krompir. Primjenjivo na sve ve\u0107e trgovine, hotele, restorane brze hrane, snack barove, fabri\u010dke menze i samozaposlena doma\u0107instva.<\/p>\n\n\n\n<p>Specifi\u010dna operacija je jednostavna, \u010dista, laka za upotrebu, visoka efikasnost, izdr\u017eljivost i druge karakteristike, a predstavlja najnoviji tip ma\u0161ina i opreme za preradu hrane.<gwmw style=\"display:none;\"><\/gwmw><\/p>\n\n\n\n<h3 class=\"wp-block-heading\"><strong>Karakteristike:<\/strong><gwmw style=\"display:none;\"><\/gwmw><\/h3>\n\n\n\n<ul class=\"wp-block-list\">\n<li>Cijelo tijelo od nehr\u0111aju\u0107eg \u010delika, lako se prati i brisati, dug vijek trajanja.<\/li>\n\n\n\n<li>Aluminijski poklopac, robustan i lagan, lako se otvara i zatvara.<gwmw style=\"display:none;\"><\/gwmw><\/li>\n\n\n\n<li>\u010cetiri kota\u010da nosivosti zajedno s funkcijom ko\u010dnice, lako\u0107om kretanja i pozicioniranja.<gwmw style=\"display:none;\"><\/gwmw><\/li>\n\n\n\n<li>Upravlja\u010dka plo\u010da za plo\u010du ma\u0161ine, izdr\u017eljiva i laka za zamjenu.<gwmw style=\"display:none;\"><\/gwmw><gwmw style=\"display:none;\"><\/gwmw><gwmw style=\"display:none;\"><\/gwmw><gwmw style=\"display:none;\"><\/gwmw><\/li>\n<\/ul>\n\n\n\n<figure class=\"wp-block-table\"><table><tbody><tr><td><strong>Ime<\/strong><\/td><td>friteza pod pritiskom na gas<\/td><\/tr><tr><td><strong>Model<\/strong><\/td><td>MDXZ-25<\/td><\/tr><tr><td><strong>Radni pritisak<\/strong><\/td><td>0,085Mpa<\/td><\/tr><tr><td><strong>Kontrolni raspon temperature<\/strong><\/td><td>90~190\u2103<gwmw style=\"display: none; background-color: transparent;\"><\/gwmw><\/td><\/tr><tr><td><strong>Potro\u0161nja plina<\/strong><\/td><td>oko 0,48 kg\/h (uklju\u010duju\u0107i vrijeme dr\u017eanja)<\/td><\/tr><tr><td><strong>volta\u017ea<\/strong><\/td><td>TNG\/prirodni gas<\/td><\/tr><tr><td><strong>Gorivo<\/strong><\/td><td>LPG\/Prirodni gas<\/td><\/tr><tr><td><strong>Veli\u010dina<\/strong><\/td><td>460\u00d7960\u00d71230 mm<\/td><\/tr><tr><td><strong>Veli\u010dina pakovanja<\/strong><\/td><td>510\u00d71030\u00d71300 mm<\/td><\/tr><tr><td><strong>Kapacitet<\/strong><\/td><td>25L<\/td><\/tr><tr><td><strong>Te\u017eina<\/strong><\/td><td>110kg<gwmw style=\"display:none;\"><\/gwmw><\/td><\/tr><tr><td><strong>Bruto te\u017eina<\/strong><\/td><td>120kg<\/td><\/tr><tr><td><strong>Kontrolna tabla<\/strong><\/td><td>Manual Panel<\/td><\/tr><\/tbody><\/table><\/figure>\n\n\n\n<p><gwmw style=\"display:none;\"><\/gwmw><\/p>","protected":false},"excerpt":{"rendered":"<p>The pressure fryer is the company absorbing foreign advanced technology, development and production of the latest fried chicken oven fried chicken production process according to the characteristics of Western and traditional Chinese roast chicken. The whole body of stainless steel, electronic timing, automatic temperature control exhaust pressure. Using the low-temperature high-pressure principle, fried food is [&#8230;]\n","protected":false},"featured_media":1580,"template":"","meta":[],"product_brand":[],"product_cat":[86],"product_tag":[],"class_list":{"0":"post-1403","1":"product","2":"type-product","3":"status-publish","4":"has-post-thumbnail","6":"product_cat-gas-pressure-fryers","8":"first","9":"instock","10":"shipping-taxable","11":"product-type-simple"},"_links":{"self":[{"href":"https:\/\/www.ccmmachine.com\/bs\/wp-json\/wp\/v2\/product\/1403","targetHints":{"allow":["GET"]}}],"collection":[{"href":"https:\/\/www.ccmmachine.com\/bs\/wp-json\/wp\/v2\/product"}],"about":[{"href":"https:\/\/www.ccmmachine.com\/bs\/wp-json\/wp\/v2\/types\/product"}],"wp:featuredmedia":[{"embeddable":true,"href":"https:\/\/www.ccmmachine.com\/bs\/wp-json\/wp\/v2\/media\/1580"}],"wp:attachment":[{"href":"https:\/\/www.ccmmachine.com\/bs\/wp-json\/wp\/v2\/media?parent=1403"}],"wp:term":[{"taxonomy":"product_brand","embeddable":true,"href":"https:\/\/www.ccmmachine.com\/bs\/wp-json\/wp\/v2\/product_brand?post=1403"},{"taxonomy":"product_cat","embeddable":true,"href":"https:\/\/www.ccmmachine.com\/bs\/wp-json\/wp\/v2\/product_cat?post=1403"},{"taxonomy":"product_tag","embeddable":true,"href":"https:\/\/www.ccmmachine.com\/bs\/wp-json\/wp\/v2\/product_tag?post=1403"}],"curies":[{"name":"wp","href":"https:\/\/api.w.org\/{rel}","templated":true}]}}