{"id":1349,"date":"2024-03-21T04:17:59","date_gmt":"2024-03-21T04:17:59","guid":{"rendered":"https:\/\/www.ccmmachine.com\/?post_type=product&#038;p=1349"},"modified":"2024-03-21T04:18:02","modified_gmt":"2024-03-21T04:18:02","slug":"friteza-pod-pritiskom-mdxz-24c","status":"publish","type":"product","link":"https:\/\/www.ccmmachine.com\/bs\/product\/pressure-fryer-mdxz-24c\/","title":{"rendered":"Friteza pod pritiskom MDXZ-24C"},"content":{"rendered":"<p>Ova friteza pod pritiskom je kompanija koja apsorbuje stranu naprednu tehnologiju, razvoj i proizvodnju najnovijeg procesa proizvodnje pr\u017eene piletine u pe\u0107nici u skladu sa karakteristikama zapadne i tradicionalne kineske pe\u010dene piletine. Cijelo tijelo od nehr\u0111aju\u0107eg \u010delika, elektronski tajming, automatska kontrola temperature izduvnog tlaka.<\/p>\n\n\n\n<p>Koriste\u0107i princip niske temperature visokog pritiska, pr\u017eena hrana je hrskava spolja i mekana, svetle boje, ali i pr\u017eena patka, riba, svinjetina, jagnjetina i drugo meso i krompir i drugo povr\u0107e. Primjenjivo na sve ve\u0107e trgovine, hotele, restorane brze hrane, snack barove, fabri\u010dke menze i samozaposlena doma\u0107instva. Specifi\u010dna operacija je jednostavna, \u010dista, laka za upotrebu, visoka efikasnost i izdr\u017eljivost, najnoviji je tip ma\u0161ina i opreme za preradu hrane<gwmw style=\"display:none;\"><\/gwmw><\/p>\n\n\n\n<h3 class=\"wp-block-heading\"><strong>Karakteristike:<\/strong><gwmw style=\"display:none;\"><\/gwmw><\/h3>\n\n\n\n<p>1. Sve tijelo od nehr\u0111aju\u0107eg \u010delika, lako se prati i brisati, dug vijek trajanja.<br>2 aluminijumska poklopca, robusni i lagani, lako se otvaraju i zatvaraju.<br>3 \u010detiri kota\u010di\u0107a nosivosti, zajedno s funkcijom ko\u010dnice, lako\u0107om kretanja i pozicioniranjem.<br>4. Operacija upravljanja mehani\u010dkim instrumentom je jednostavna, laka, elegantna i precizna.<gwmw style=\"display:none;\"><\/gwmw><gwmw style=\"display:none;\"><\/gwmw><\/p>\n\n\n\n<figure class=\"wp-block-table\"><table><tbody><tr><td>Ime<\/td><td>Elektri\u010dna friteza pod pritiskom<\/td><\/tr><tr><td>ime<\/td><td>MDXZ-24<\/td><\/tr><tr><td>volta\u017ea<\/td><td>3N\/380V\/50Hz<\/td><\/tr><tr><td>Snaga<\/td><td>12kw<\/td><\/tr><tr><td>Kontrolni raspon temperature<\/td><td>90-190\u2103<\/td><\/tr><tr><td>Veli\u010dina<\/td><td>960\u00d7460\u00d71230 mm<\/td><\/tr><tr><td>Veli\u010dina pakovanja<\/td><td>1030\u00d7510\u00d71300 mm<\/td><\/tr><tr><td>Kapacitet<\/td><td>24L<\/td><\/tr><tr><td>Te\u017eina<\/td><td>110kg<\/td><\/tr><tr><td>Bruto te\u017eina<\/td><td>135 kg<\/td><\/tr><tr><td>Kontrolna tabla<\/td><td>ru\u010dni panel<\/td><\/tr><\/tbody><\/table><\/figure>\n\n\n\n<p><gwmw style=\"display:none;\"><\/gwmw><\/p>","protected":false},"excerpt":{"rendered":"<p>This section pressure fryer is the company absorbing foreign advanced technology, development and production of the latest fried chicken oven fried chicken production process according to the characteristics of Western and traditional Chinese roast chicken. The whole body of stainless steel, electronic timing, automatic temperature control exhaust pressure. Using low-temperature high-pressure principle, fried food crisp [&#8230;]\n","protected":false},"featured_media":1582,"template":"","meta":[],"product_brand":[],"product_cat":[85],"product_tag":[],"class_list":{"0":"post-1349","1":"product","2":"type-product","3":"status-publish","4":"has-post-thumbnail","6":"product_cat-electric-pressure-fryers","8":"first","9":"instock","10":"shipping-taxable","11":"product-type-simple"},"_links":{"self":[{"href":"https:\/\/www.ccmmachine.com\/bs\/wp-json\/wp\/v2\/product\/1349","targetHints":{"allow":["GET"]}}],"collection":[{"href":"https:\/\/www.ccmmachine.com\/bs\/wp-json\/wp\/v2\/product"}],"about":[{"href":"https:\/\/www.ccmmachine.com\/bs\/wp-json\/wp\/v2\/types\/product"}],"wp:featuredmedia":[{"embeddable":true,"href":"https:\/\/www.ccmmachine.com\/bs\/wp-json\/wp\/v2\/media\/1582"}],"wp:attachment":[{"href":"https:\/\/www.ccmmachine.com\/bs\/wp-json\/wp\/v2\/media?parent=1349"}],"wp:term":[{"taxonomy":"product_brand","embeddable":true,"href":"https:\/\/www.ccmmachine.com\/bs\/wp-json\/wp\/v2\/product_brand?post=1349"},{"taxonomy":"product_cat","embeddable":true,"href":"https:\/\/www.ccmmachine.com\/bs\/wp-json\/wp\/v2\/product_cat?post=1349"},{"taxonomy":"product_tag","embeddable":true,"href":"https:\/\/www.ccmmachine.com\/bs\/wp-json\/wp\/v2\/product_tag?post=1349"}],"curies":[{"name":"wp","href":"https:\/\/api.w.org\/{rel}","templated":true}]}}