{"id":1345,"date":"2024-03-21T04:03:01","date_gmt":"2024-03-21T04:03:01","guid":{"rendered":"https:\/\/www.ccmmachine.com\/?post_type=product&#038;p=1345"},"modified":"2024-03-21T04:03:05","modified_gmt":"2024-03-21T04:03:05","slug":"elektricna-friteza-pod-pritiskom-pfe-500","status":"publish","type":"product","link":"https:\/\/www.ccmmachine.com\/bs\/product\/electric-pressure-fryer-pfe-500\/","title":{"rendered":"Elektri\u010dna friteza pod pritiskom PFE-500"},"content":{"rendered":"<p>Ova serija ameri\u010dka pe\u0107nica za pr\u017eenu piletinu je kompanija koja upija inozemnu naprednu tehnologiju, prema karakteristikama procesa proizvodnje zapadne i tradicionalne kineske pr\u017eene piletine u razvoju i proizvodnji najnovije pe\u0107i za pr\u017eenu piletinu. Cijelo tijelo od nehr\u0111aju\u0107eg \u010delika, jednostavan rad, automatska kontrola temperature izduvnog tlaka.<br>Koriste\u0107i principe niskotemperaturnog visokog pritiska, pr\u017eena hrana je hrskava napolju, mekane, svetle boje, ali i pe\u010dena patka, pohana piletina, pr\u017eena piletina, pile\u0107a krilca, riba, svinjetina, i drugo meso i krompir i drugo povr\u0107e. Primjenjivo na sve velike trgovine, hotele, restorane brze hrane, snack barove, fabri\u010dke menze i samozaposlena doma\u0107instva. Uz jednostavan rad, \u010dist, jednostavan za kori\u0161tenje, visoku efikasnost, izdr\u017eljivost i druge karakteristike. To je najnoviji tip ma\u0161ina i opreme za preradu hrane.<gwmw style=\"display:none;\"><\/gwmw><\/p>\n\n\n\n<h3 class=\"wp-block-heading\"><strong>Karakteristike:<\/strong><gwmw style=\"display:none;\"><\/gwmw><\/h3>\n\n\n\n<p>1, cijelo tijelo od nehr\u0111aju\u0107eg \u010delika, lako se prati i brisati dug vijek trajanja.<br>2, aluminijumski poklopac, robustan i lagan, lako se otvara i zatvara.<br>3, ugra\u0111en sistem filtracije, jednostavan za kori\u0161tenje i energetski efikasan.<br>4, \u010detiri kota\u010di\u0107a nosivost zajedno s funkcijom ko\u010dnice, lako\u0107om kretanja i pozicioniranja.<br>5, klasi\u010dna kontrolna plo\u010da ma\u0161ine, lak\u0161a i efikasnija.<\/p>\n\n\n\n<figure class=\"wp-block-table\"><table><tbody><tr><td>Ime<\/td><td>Elektri\u010dna friteza pod pritiskom<\/td><\/tr><tr><td>ime<\/td><td>PFE-500<\/td><\/tr><tr><td>volta\u017ea<\/td><td>~3N380v\/50Hz (~3N220v\/60Hz)<\/td><\/tr><tr><td>Snaga<\/td><td>13.5kw<\/td><\/tr><tr><td>Kontrolni raspon temperature<\/td><td>20-200\u2103<\/td><\/tr><tr><td>Veli\u010dina<\/td><td>960\u00d7460\u00d71230 mm<\/td><\/tr><tr><td>Veli\u010dina pakovanja<\/td><td>1030\u00d7510\u00d71300 mm<\/td><\/tr><tr><td>Kapacitet<\/td><td>24L<\/td><\/tr><tr><td>Te\u017eina<\/td><td>135 kg<\/td><\/tr><tr><td>Bruto te\u017eina<\/td><td>155 kg<\/td><\/tr><tr><td>Kontrolna tabla<\/td><td>ru\u010dni panel<\/td><\/tr><\/tbody><\/table><\/figure>\n\n\n\n<figure class=\"wp-block-image size-full\"><img decoding=\"async\" width=\"740\" height=\"300\" src=\"https:\/\/www.ccmmachine.com\/wp-content\/uploads\/2024\/03\/Electric-Pressure-fryer-PFE-500-001.webp\" alt=\"\" class=\"wp-image-1577\" srcset=\"https:\/\/www.ccmmachine.com\/wp-content\/uploads\/2024\/03\/Electric-Pressure-fryer-PFE-500-001.webp 740w, https:\/\/www.ccmmachine.com\/wp-content\/uploads\/2024\/03\/Electric-Pressure-fryer-PFE-500-001-700x284.webp 700w, https:\/\/www.ccmmachine.com\/wp-content\/uploads\/2024\/03\/Electric-Pressure-fryer-PFE-500-001-300x122.webp 300w, https:\/\/www.ccmmachine.com\/wp-content\/uploads\/2024\/03\/Electric-Pressure-fryer-PFE-500-001-18x7.webp 18w\" sizes=\"(max-width: 740px) 100vw, 740px\" \/><\/figure>\n\n\n\n<figure class=\"wp-block-image size-full\"><img decoding=\"async\" width=\"472\" height=\"461\" src=\"https:\/\/www.ccmmachine.com\/wp-content\/uploads\/2024\/03\/Electric-Pressure-fryer-PFE-500-002.webp\" alt=\"\" class=\"wp-image-1578\" srcset=\"https:\/\/www.ccmmachine.com\/wp-content\/uploads\/2024\/03\/Electric-Pressure-fryer-PFE-500-002.webp 472w, https:\/\/www.ccmmachine.com\/wp-content\/uploads\/2024\/03\/Electric-Pressure-fryer-PFE-500-002-300x293.webp 300w, https:\/\/www.ccmmachine.com\/wp-content\/uploads\/2024\/03\/Electric-Pressure-fryer-PFE-500-002-12x12.webp 12w\" sizes=\"(max-width: 472px) 100vw, 472px\" \/><\/figure>\n\n\n\n<p><gwmw style=\"display:none;\"><\/gwmw><\/p>","protected":false},"excerpt":{"rendered":"<p>This series American fried chicken oven is a company absorbing the foreign advanced technology, according to the production process characteristics of Western and traditional Chinese chicken fried chicken in the development and production of the latest fried chicken oven. The whole body of stainless steel, simple operation, automatic temperature control exhaust pressure.Using low-temperature high-pressure principles, [&#8230;]\n","protected":false},"featured_media":1576,"template":"","meta":[],"product_brand":[],"product_cat":[85],"product_tag":[],"class_list":{"0":"post-1345","1":"product","2":"type-product","3":"status-publish","4":"has-post-thumbnail","6":"product_cat-electric-pressure-fryers","8":"first","9":"instock","10":"shipping-taxable","11":"product-type-simple"},"_links":{"self":[{"href":"https:\/\/www.ccmmachine.com\/bs\/wp-json\/wp\/v2\/product\/1345","targetHints":{"allow":["GET"]}}],"collection":[{"href":"https:\/\/www.ccmmachine.com\/bs\/wp-json\/wp\/v2\/product"}],"about":[{"href":"https:\/\/www.ccmmachine.com\/bs\/wp-json\/wp\/v2\/types\/product"}],"wp:featuredmedia":[{"embeddable":true,"href":"https:\/\/www.ccmmachine.com\/bs\/wp-json\/wp\/v2\/media\/1576"}],"wp:attachment":[{"href":"https:\/\/www.ccmmachine.com\/bs\/wp-json\/wp\/v2\/media?parent=1345"}],"wp:term":[{"taxonomy":"product_brand","embeddable":true,"href":"https:\/\/www.ccmmachine.com\/bs\/wp-json\/wp\/v2\/product_brand?post=1345"},{"taxonomy":"product_cat","embeddable":true,"href":"https:\/\/www.ccmmachine.com\/bs\/wp-json\/wp\/v2\/product_cat?post=1345"},{"taxonomy":"product_tag","embeddable":true,"href":"https:\/\/www.ccmmachine.com\/bs\/wp-json\/wp\/v2\/product_tag?post=1345"}],"curies":[{"name":"wp","href":"https:\/\/api.w.org\/{rel}","templated":true}]}}