{"id":1285,"date":"2024-03-21T02:33:56","date_gmt":"2024-03-21T02:33:56","guid":{"rendered":"https:\/\/www.ccmmachine.com\/?post_type=product&#038;p=1285"},"modified":"2024-03-21T02:34:00","modified_gmt":"2024-03-21T02:34:00","slug":"elektricna-friteza-pfe-600l","status":"publish","type":"product","link":"https:\/\/www.ccmmachine.com\/bs\/product\/electric-pressure-fryer-pfe-600l\/","title":{"rendered":"Elektri\u010dna friteza pod pritiskom PFE-600L"},"content":{"rendered":"<h3 class=\"wp-block-heading\"><strong>Opis proizvoda:<\/strong> <\/h3>\n\n\n\n<ul class=\"wp-block-list\">\n<li>Cijelo tijelo od nehr\u0111aju\u0107eg \u010delika lako se pere i bri\u0161e i dug \u017eivotni vijek. <\/li>\n\n\n\n<li>Svi aluminijski poklopci su robusni i lagani, lako se otvaraju i zatvaraju. <\/li>\n\n\n\n<li>Ugra\u0111eni automatski sistem filtracije je jednostavan za kori\u0161tenje i energetski efikasan. <\/li>\n<\/ul>\n\n\n\n<p>Ova serija ameri\u010dkih pe\u0107i za pr\u017eenu piletinu je kompanija koja apsorbira stranu naprednu tehnologiju, prema karakteristikama proizvodnog procesa zapadnja\u010dka i tradicionalna kineska pe\u010dena piletina u razvoju i proizvodnji najnovije pe\u0107i za pr\u017eenu piletinu. Cijelo tijelo od nehr\u0111aju\u0107eg \u010delika, LCD kompjuterska kontrolna plo\u010da, jednostavan rad, automatska kontrola temperature izduvnog tlaka. Koriste\u0107i princip niske temperature visokog pritiska, pr\u017eena hrana je hrskava spolja, mekane, svetle boje, ali i pe\u010dena patka, pohana piletina, pr\u017eena piletina, pile\u0107a krilca, riba, svinjetina, i drugo meso i krompir i drugo povr\u0107e. Primjenjivo na sve ve\u0107e trgovine, hotele, restorane brze hrane, snack barove, fabri\u010dke menze i samozaposlena doma\u0107instva. Uz jednostavan rad, \u010dist, jednostavan za kori\u0161tenje, visoku efikasnost, izdr\u017eljivost i druge karakteristike. To je najnoviji tip ma\u0161ina i opreme za preradu hrane. <\/p>\n\n\n\n<p><strong>Karakteristike:<\/strong> <\/p>\n\n\n\n<ul class=\"wp-block-list\">\n<li>Cijelo tijelo od nehr\u0111aju\u0107eg \u010delika, lako se prati i brisati dug vijek trajanja. <\/li>\n\n\n\n<li>Svi aluminijumski poklopci su robusni i lagani, lako se otvaraju i zatvaraju. <\/li>\n\n\n\n<li>Ugra\u0111en automatski sistem filtracije, jednostavan za kori\u0161tenje i energetski efikasan. <\/li>\n\n\n\n<li>\u010cetiri kota\u010di\u0107a nosivost zajedno s funkcijom ko\u010dnice, lako\u0107om kretanja i pozicioniranjem. <\/li>\n\n\n\n<li>Kontrolna plo\u010da LCD digitalnog displeja je preciznija i ljep\u0161a. <\/li>\n<\/ul>\n\n\n\n<figure class=\"wp-block-table\"><table><tbody><tr><td>Ime<\/td><td>Elektri\u010dna friteza pod pritiskom<\/td><\/tr><tr><td>ime<\/td><td>PFE-600L<\/td><\/tr><tr><td>volta\u017ea<\/td><td>~3N380v\/50Hz (~3N220v\/60Hz)<\/td><\/tr><tr><td>Snaga<\/td><td>13.5kw<\/td><\/tr><tr><td>Kontrolni raspon temperature<\/td><td>20-200\u2103<\/td><\/tr><tr><td>Veli\u010dina<\/td><td>960\u00d7460\u00d71230 mm<\/td><\/tr><tr><td>Veli\u010dina pakovanja<\/td><td>1030\u00d7510\u00d71300 mm<\/td><\/tr><tr><td>Kapacitet<\/td><td>24L<\/td><\/tr><tr><td>Te\u017eina<\/td><td>135 kg<\/td><\/tr><tr><td>Bruto te\u017eina<\/td><td>155 kg<\/td><\/tr><tr><td>Kontrolna tabla<\/td><td>LED kontrolna tabla<\/td><\/tr><\/tbody><\/table><\/figure>\n\n\n\n<figure class=\"wp-block-image\"><img decoding=\"async\" src=\"https:\/\/www.ccmmachine.com\/wp-content\/uploads\/2019\/08\/Electric-Pressure-fryer-PFE-600L-001.jpg\" alt=\"\" class=\"wp-image-1304\"\/><\/figure>\n\n\n\n<figure class=\"wp-block-image\"><img decoding=\"async\" src=\"https:\/\/www.ccmmachine.com\/wp-content\/uploads\/2019\/08\/Electric-Pressure-fryer-PFE-600L-002.jpg\" alt=\"\" class=\"wp-image-1305\"\/><\/figure>","protected":false},"excerpt":{"rendered":"<p>Product Description\uff1a This series American fried chicken furnace is the company absorbing foreign advanced technology, according to the production process characteristics Western and traditional Chinese chicken fried chicken in the development and production of the latest fried chicken furnace. The whole body of stainless steel, LCD computer control panel, simple operation, automatic temperature control exhaust [&#8230;]\n","protected":false},"featured_media":1562,"template":"","meta":[],"product_brand":[],"product_cat":[85],"product_tag":[],"class_list":{"0":"post-1285","1":"product","2":"type-product","3":"status-publish","4":"has-post-thumbnail","6":"product_cat-electric-pressure-fryers","8":"first","9":"instock","10":"shipping-taxable","11":"product-type-simple"},"_links":{"self":[{"href":"https:\/\/www.ccmmachine.com\/bs\/wp-json\/wp\/v2\/product\/1285","targetHints":{"allow":["GET"]}}],"collection":[{"href":"https:\/\/www.ccmmachine.com\/bs\/wp-json\/wp\/v2\/product"}],"about":[{"href":"https:\/\/www.ccmmachine.com\/bs\/wp-json\/wp\/v2\/types\/product"}],"wp:featuredmedia":[{"embeddable":true,"href":"https:\/\/www.ccmmachine.com\/bs\/wp-json\/wp\/v2\/media\/1562"}],"wp:attachment":[{"href":"https:\/\/www.ccmmachine.com\/bs\/wp-json\/wp\/v2\/media?parent=1285"}],"wp:term":[{"taxonomy":"product_brand","embeddable":true,"href":"https:\/\/www.ccmmachine.com\/bs\/wp-json\/wp\/v2\/product_brand?post=1285"},{"taxonomy":"product_cat","embeddable":true,"href":"https:\/\/www.ccmmachine.com\/bs\/wp-json\/wp\/v2\/product_cat?post=1285"},{"taxonomy":"product_tag","embeddable":true,"href":"https:\/\/www.ccmmachine.com\/bs\/wp-json\/wp\/v2\/product_tag?post=1285"}],"curies":[{"name":"wp","href":"https:\/\/api.w.org\/{rel}","templated":true}]}}