{"id":3,"date":"2019-07-18T17:44:06","date_gmt":"2019-07-18T17:44:06","guid":{"rendered":"http:\/\/www.ccmmachine.com\/?page_id=3"},"modified":"2019-09-08T08:06:10","modified_gmt":"2019-09-08T08:06:10","slug":"politika-privatnosti","status":"publish","type":"page","link":"https:\/\/www.ccmmachine.com\/bs\/privacy-policy\/","title":{"rendered":"Politika privatnosti"},"content":{"rendered":"<h3 style=\"text-align: center;\">Politika privatnosti<\/h3>\n<p><strong>Posve\u0107en<\/strong><\/p>\n<p>Posve\u0107eni smo za\u0161titi privatnosti, li\u010dnih podataka i li\u010dnih podataka (koji se zajedni\u010dki nazivaju \u201cli\u010dni podaci\u201d) koje pru\u017eamo prilikom kori\u0161tenja na\u0161e web stranice, tako da smo u mogu\u0107nosti prikupljati, koristiti, pohranjivati i prenositi osobne podatke (sa li\u010dnim podacima privatnost). Relevantni zakoni i propisi) i najvi\u0161i standardi za\u0161tite potro\u0161a\u010da.<\/p>\n<p>Kako biste osigurali da imate puno povjerenje u na\u0161e rukovanje va\u0161im li\u010dnim podacima, trebali biste detaljno pro\u010ditati i razumjeti odredbe Politike privatnosti. Konkretno, kada koristite na\u0161u web stranicu, smatrat \u0107e se da prihvatate, sla\u017eete se, obe\u0107avate i potvr\u0111ujete:<\/p>\n<p>Dobrovoljno nam otkrivate li\u010dne podatke uz potreban pristanak;<\/p>\n<p>Pridr\u017eavat \u0107ete se svih uslova i ograni\u010denja ove Politike privatnosti;<\/p>\n<p>Registrirate se na na\u0161oj web stranici i podaci \u0107e biti prikupljeni;<\/p>\n<p>Sla\u017eete se sa svim budu\u0107im promjenama na\u0161e politike privatnosti;<\/p>\n<p>Pristajete na na\u0161e podru\u017enice, podru\u017enice, zaposlenike i mo\u017eda \u0107ete biti zainteresirani za proizvode i usluge koji bi vas mogli zanimati (osim ako ste nazna\u010dili da ne \u017eelite primati takve poruke).<\/p>\n<p><strong>Vrsta prikupljenih li\u010dnih podataka<\/strong><\/p>\n<p>Li\u010dne podatke prikupljamo, upravljamo i pratimo uz va\u0161 pristanak. Kako bismo vam pru\u017eili na\u0161e usluge, morat \u0107ete dostaviti osobne podatke i neimenovane materijale za koje smatramo da su neophodni za ispunjavanje va\u0161ih uputa i daljnje pobolj\u0161anje na\u0161ih usluga, uklju\u010duju\u0107i, ali ne ograni\u010davaju\u0107i se na:<\/p>\n<p><strong>Li\u010dna informacija<\/strong><\/p>\n<p>\u2013 Va\u0161e ime, pol, godine, datum ro\u0111enja, broj telefona, broj faksa, adresa ili po\u0161tanska adresa, adresa e-po\u0161te.<\/p>\n<p><strong>Neimenovani materijal<\/strong><\/p>\n<p>Svrha i upotreba prikupljanja li\u010dnih podataka i neimenovanih informacija su kako slijedi:<\/p>\n<p>Pru\u017eajte nam na\u0161e usluge putem na\u0161e web stranice;<\/p>\n<p>Kada koristite na\u0161u web stranicu, mo\u017eete identificirati i potvrditi svoj identitet;<\/p>\n<p>Omogu\u0107ite vam da steknete osje\u0107aj za vas kada koristite na\u0161u web stranicu;<\/p>\n<p>Na\u0161e osoblje za korisni\u010dku podr\u0161ku mo\u017ee vas kontaktirati ako je potrebno;<\/p>\n<p>Statistika o kori\u0161tenju na\u0161e web stranice;<\/p>\n<p>Olak\u0161ajte vam kori\u0161tenje na\u0161e web stranice;<\/p>\n<p>Provoditi istra\u017eivanje tr\u017ei\u0161ta kako bismo pobolj\u0161ali na\u0161e proizvode, usluge i sadr\u017eaj web stranice;<\/p>\n<p>Prikupljamo informacije za na\u0161e aktivnosti, marketin\u0161ke i promotivne programe;<\/p>\n<p>Po\u0161tivati zakone, dr\u017eavne i regulatorne organe, uklju\u010duju\u0107i, ali ne ograni\u010davaju\u0107i se na otkrivanje li\u010dnih podataka i obave\u0161tenja;<\/p>\n<p>Dozvolite nama i na\u0161im filijalama, filijalama, filijalama, zaposlenicima, agentima, servisnim partnerima ili drugim tre\u0107im stranama koje rade s nama u zemlji u kojoj \u017eivite da radimo promociju proizvoda i\/ili usluga;<\/p>\n<p>Analizirati, provjeriti i\/ili pregledati va\u0161 kredit, pla\u0107anje i\/ili status u odnosu na usluge koje pru\u017eamo;<\/p>\n<p>Obraditi sve upute za pla\u0107anje, direktno zadu\u017eenje i\/ili kreditne aran\u017emane na va\u0161 zahtjev;<\/p>\n<p>Omogu\u0107ava vam da upravljate svojim ra\u010dunom i\/ili nam omogu\u0107ava da povu\u010demo nepodmirenu naknadu za uslugu sa ra\u010duna.<\/p>\n<p><strong>Kola\u010di\u0107i<\/strong><\/p>\n<p>Kada posjetite na\u0161u web stranicu, mi koristimo Google statistiku za bilje\u017eenje na\u0161eg u\u010dinka i provjeru u\u010dinkovitosti online ogla\u0161avanja putem kola\u010di\u0107a. Kola\u010di\u0107 je mala koli\u010dina podataka koja se \u0161alje va\u0161em pretra\u017eiva\u010du i pohranjuje na hard disk va\u0161eg ra\u010dunara. Kola\u010di\u0107i se mogu poslati na tvrdi disk va\u0161eg ra\u010dunara samo kada koristite svoj ra\u010dunar za pristup na\u0161oj web stranici. Kola\u010di\u0107i se \u010desto koriste za bilje\u017eenje navika i preferencija posjetitelja prilikom pregledavanja raznih artikala na na\u0161oj web stranici. Informacije koje prikupljaju kola\u010di\u0107i su neregistrovana zbirna statistika i ne sadr\u017ee li\u010dne podatke. Kola\u010di\u0107i se ne mogu koristiti za dobivanje podataka na va\u0161em tvrdom disku, va\u0161oj email adresi i va\u0161im privatnim podacima. Kada ponovo posjetite na\u0161u web stranicu, mo\u017eete sa\u010duvati korake za ponovnu registraciju. Ve\u0107ina pretra\u017eiva\u010da je unapred pode\u0161ena da prihvata kola\u010di\u0107e. Mo\u017eete odabrati da podesite va\u0161 pretra\u017eiva\u010d da ne prihvata kola\u010di\u0107e ili da vas obavesti ako su kola\u010di\u0107i instalirani. Me\u0111utim, ako postavite zabranu kola\u010di\u0107a, mo\u017eda ne\u0107ete mo\u0107i aktivirati ili koristiti odre\u0111ene zna\u010dajke na\u0161e web stranice.<\/p>\n<p>Ako ne zabranite ili uklonite kola\u010di\u0107e, svaki put kada koristite isti ra\u010dunar za pristup na\u0161oj web stranici, na\u0161 web server \u0107e nas obavijestiti da ste posjetili na\u0161u web stranicu, a mi \u0107emo identificirati vas i va\u0161e registracijske podatke i podatke o pla\u0107anju. , prikupljanje informacija o upotrebi, istra\u017eivanje tr\u017ei\u0161ta, pra\u0107enje napretka i u\u010de\u0161\u0107e u promotivnim aktivnostima.<\/p>\n<p>Mo\u017eete promijeniti postavke na pretra\u017eiva\u010du ra\u010dunara koji koristite za pristup na\u0161oj web stranici kako biste odlu\u010dili ho\u0107ete li prihvatiti kola\u010di\u0107e ili ne. Ako \u017eelite, mo\u017eete promijeniti postavke u va\u0161em pretra\u017eiva\u010du. Ako postavite svoje postavke na svoj pretra\u017eiva\u010d, mo\u017eete prihvatiti sve kola\u010di\u0107e, primati obavijesti od kola\u010di\u0107a, pa \u010dak i odbiti sve kola\u010di\u0107e. Me\u0111utim, ako odlu\u010dite da ne koristite kola\u010di\u0107e ili odbijete sve kola\u010di\u0107e u svom pregledniku, mo\u017eda ne\u0107ete mo\u0107i koristiti ili aktivirati odre\u0111ene zna\u010dajke na\u0161e web stranice ili \u0107ete se mo\u017eda morati ponovo prijaviti na svoje podatke.<\/p>\n<p><strong>Sa\u010duvajte li\u010dne podatke i neimenovane informacije<\/strong><\/p>\n<p>Li\u010dni podaci i neimenovani podaci koje nam pru\u017eite \u010duvaju se samo dok se ne postigne svrha prikupljanja, osim ako se ne \u010duvaju u skladu sa va\u017ee\u0107im zakonima i propisima.<\/p>\n<p><strong>Vlasni\u0161tvo i otkrivanje li\u010dnih podataka<\/strong><\/p>\n<p>Sve informacije prikupljene na na\u0161oj web stranici su u na\u0161em vlasni\u0161tvu i ne\u0107e se iznajmljivati ili prodavati tre\u0107im stranama koje nisu povezane. Me\u0111utim, li\u010dni podaci se mogu otkriti:<\/p>\n<p><strong>Direktna prodaja<\/strong><\/p>\n<p>Nakon \u0161to nam dostavite svoje li\u010dne podatke, mo\u017eete dobiti telefonski poziv, e-po\u0161tu i direktnu po\u0161tu od nas ili na\u0161e poslovnice. Ako ne \u017eelite da primate na\u0161e direktne marketin\u0161ke i promotivne materijale, pi\u0161ite nam na donju adresu. Mi \u0107emo po\u0161tovati va\u0161 zahtjev i vi\u0161e ne\u0107emo koristiti va\u0161e li\u010dne podatke u aktivnostima direktnog marketinga.<\/p>\n<p><strong>Za\u0161tita li\u010dnih podataka<\/strong><\/p>\n<p>Sprovodimo odgovaraju\u0107e fizi\u010dke, elektronske, upravlja\u010dke i tehni\u010dke mjere za za\u0161titu i za\u0161titu sigurnosti va\u0161ih li\u010dnih podataka. Trudimo se osigurati da svi li\u010dni podaci prikupljeni putem na\u0161e web stranice ne izazivaju smetnje od strane bilo koje tre\u0107e strane koja nije povezana s nama. Sigurnosne mjere koje preduzimamo uklju\u010duju, ali nisu ograni\u010dene na:<\/p>\n<p>Fizi\u010dke mjere: Zapisi koji sadr\u017ee va\u0161e li\u010dne podatke bit \u0107e pohranjeni na zaklju\u010danom mjestu.<\/p>\n<p>Elektronske mjere: Ra\u010dunalni podaci koji sadr\u017ee va\u0161e li\u010dne podatke bi\u0107e pohranjeni na ra\u010dunarskim sistemima i medijima za skladi\u0161tenje podlo\u017eno strogim ograni\u010denjima za prijavu.<\/p>\n<p>Mjere upravljanja: Va\u0161im li\u010dnim podacima mogu pristupiti samo zaposleni koje smo ovlastili. Ovi zaposleni su du\u017eni da se pridr\u017eavaju internog kodeksa o povjerljivosti na\u0161ih li\u010dnih podataka.<\/p>\n<p>Tehni\u010dke mjere: Tehnologija \u0161ifriranja kao \u0161to je Secure Socket Layer Encryption mo\u017ee se koristiti za isporuku va\u0161ih li\u010dnih podataka.<\/p>\n<p>Ostale mjere: Na\u0161 web server je za\u0161ti\u0107en \u201cfirewall-om\u201d.<\/p>\n<p>Ako ste svjesni bilo kakvih sigurnosnih propusta na na\u0161oj web stranici, ne ustru\u010davajte se kontaktirati nas kako bismo \u0161to prije mogli poduzeti odgovaraju\u0107e mjere.<\/p>\n<p>Unato\u010d primjeni gore navedenih tehni\u010dkih i sigurnosnih mjera, ne mo\u017eemo garantirati apsolutnu sigurnost podataka na Internetu, tako da ne mo\u017eemo garantirati da su osobni podaci koje nam dajete putem na\u0161e web stranice sigurni u svakom trenutku. Ne snosimo odgovornost za bilo kakve incidente koji su rezultat neovla\u0161tenog pristupa va\u0161im li\u010dnim podacima i nismo odgovorni za bilo kakav gubitak ili \u0161tetu nastalu ili uzrokovanu u vezi s tim.<\/p>\n<p><strong>Minor<\/strong><\/p>\n<p>Ako bilo koji roditelj ili staratelj vjeruje da nam je maloljetnik dao li\u010dne podatke bez odobrenja ili pristanka roditelja ili staratelja, slobodno kontaktirajte na\u0161 odjel za korisni\u010dku podr\u0161ku kako bismo osigurali da su informacije uklonjene i s na\u0161e promotivne liste. Povukao se.<\/p>\n<p><strong>Pristup i ispravka li\u010dnih podataka<\/strong><\/p>\n<p><strong>Imate pravo na:<\/strong><\/p>\n<p>Provjerite dr\u017eimo li neke od va\u0161ih li\u010dnih podataka;<\/p>\n<p>Pristup va\u0161im li\u010dnim podacima koje dr\u017eimo;<\/p>\n<p>Zamolite nas da ispravimo sve neta\u010dne li\u010dne podatke;<\/p>\n<p>S vremena na vrijeme raspitajte se o prirodi, politici i metodama implementacije li\u010dnih podataka koje posjedujemo.<\/p>\n<p>Me\u0111utim, u izuzetno ograni\u010denim okolnostima koje dozvoljava zakon, mo\u017eda vam ne\u0107emo dozvoliti pristup va\u0161im li\u010dnim podacima, kao \u0161to su:<\/p>\n<p>Ako primite i primite svoje li\u010dne podatke, mo\u017eete biti u opasnosti;<\/p>\n<p>Kada va\u0161 profil mo\u017ee uticati na anketu koja je u toku;<\/p>\n<p>Kada se va\u0161i li\u010dni podaci odnose na sudske postupke i mogu biti podlo\u017eni ograni\u010denjima otkrivanja.<\/p>\n<p>Kada va\u0161 profil uklju\u010duje proces dono\u0161enja odluka osjetljiv na poslovanje;<\/p>\n<p>Kada je profil druge osobe tako\u0111er uklju\u010den u isti zapis.<\/p>\n<p>Ako \u017eelite pristupiti ili ispraviti svoje li\u010dne podatke, ili zatra\u017eiti informacije o svojim li\u010dnim podacima, na\u010dinu na koji se oni obavljaju i vrsti li\u010dnih podataka koje posjedujete, trebate nam pisati na donju adresu. Zahtjevi za pristup ili ispravku informacija mogu rezultirati razumnim naknadama za obradu.<\/p>\n<p><strong>\u010cuvajte svoju lozinku<\/strong><\/p>\n<p>Pored na\u0161ih napora da osiguramo sigurnost pohrane i obrade va\u0161ih osobnih podataka, ne biste trebali nikome otkriti svoju lozinku za prijavu ili podatke o ra\u010dunu kako biste za\u0161titili svoje osobne podatke. Kad god se prijavite na na\u0161u web stranicu, posebno kada koristite tu\u0111i ra\u010dunar ili javni internet terminal, ne zaboravite da kliknete i zatvorite nakon operacije. Va\u0161i napori i pomo\u0107 su nam apsolutno korisni u za\u0161titi va\u0161ih li\u010dnih podataka.<\/p>\n<p><strong>Izmjena politike privatnosti<\/strong><\/p>\n<p>Ova Politika privatnosti mo\u017ee se s vremena na vrijeme mijenjati (bez prethodnog obavje\u0161tenja). Sve promjene u politici privatnosti bit \u0107e objavljene na na\u0161oj web stranici.<\/p>\n<p><strong>Kontaktiraj nas<\/strong><\/p>\n<p>Ako imate bilo kakvih pitanja ili nedoumica u vezi s na\u0161om politikom privatnosti, slobodno nas kontaktirajte.<\/p>","protected":false},"excerpt":{"rendered":"<p>Privacy Policy Committed to We are committed to protecting the privacy, personal information and personal information (collectively referred to as &#8220;Personal Data&#8221;) provided by us when using our website, so that we are able to collect, use, store and transmit personal data (with personal data privacy). Relevant laws and regulations) and the highest standards of [&#8230;]\n","protected":false},"author":1,"featured_media":0,"parent":0,"menu_order":0,"comment_status":"closed","ping_status":"open","template":"","meta":{"footnotes":""},"class_list":["post-3","page","type-page","status-publish","hentry"],"_links":{"self":[{"href":"https:\/\/www.ccmmachine.com\/bs\/wp-json\/wp\/v2\/pages\/3","targetHints":{"allow":["GET"]}}],"collection":[{"href":"https:\/\/www.ccmmachine.com\/bs\/wp-json\/wp\/v2\/pages"}],"about":[{"href":"https:\/\/www.ccmmachine.com\/bs\/wp-json\/wp\/v2\/types\/page"}],"author":[{"embeddable":true,"href":"https:\/\/www.ccmmachine.com\/bs\/wp-json\/wp\/v2\/users\/1"}],"replies":[{"embeddable":true,"href":"https:\/\/www.ccmmachine.com\/bs\/wp-json\/wp\/v2\/comments?post=3"}],"version-history":[{"count":0,"href":"https:\/\/www.ccmmachine.com\/bs\/wp-json\/wp\/v2\/pages\/3\/revisions"}],"wp:attachment":[{"href":"https:\/\/www.ccmmachine.com\/bs\/wp-json\/wp\/v2\/media?parent=3"}],"curies":[{"name":"wp","href":"https:\/\/api.w.org\/{rel}","templated":true}]}}